{"id":1461,"date":"2020-06-02T08:49:29","date_gmt":"2020-06-02T08:49:29","guid":{"rendered":"https:\/\/playroom.qodeinteractive.com\/?page_id=1461"},"modified":"2026-03-13T17:15:18","modified_gmt":"2026-03-13T16:15:18","slug":"contact-us","status":"publish","type":"page","link":"https:\/\/aglae92.fr\/index.php\/contact-us\/","title":{"rendered":"Contactez-nous"},"content":{"rendered":"\t\t<div data-elementor-type=\"wp-page\" data-elementor-id=\"1461\" class=\"elementor elementor-1461\">\n\t\t\t\t\t\t<section class=\"elementor-section elementor-top-section elementor-element elementor-element-4845ee0 elementor-section-full_width elementor-section-height-default elementor-section-height-default qodef-elementor-content-no\" data-id=\"4845ee0\" data-element_type=\"section\">\n\t\t\t\t\t\t<div class=\"elementor-container elementor-column-gap-default\">\n\t\t\t\t\t<div class=\"elementor-column elementor-col-100 elementor-top-column elementor-element elementor-element-cb04cfd\" data-id=\"cb04cfd\" data-element_type=\"column\">\n\t\t\t<div class=\"elementor-widget-wrap elementor-element-populated\">\n\t\t\t\t\t\t<div class=\"elementor-element elementor-element-d4409a8 elementor-widget elementor-widget-playroom_core_google_map\" data-id=\"d4409a8\" data-element_type=\"widget\" data-widget_type=\"playroom_core_google_map.default\">\n\t\t\t\t<div class=\"elementor-widget-container\">\n\t\t\t\t\t<div class=\"qodef-shortcode qodef-m  qodef-google-map \">\n\t<div class=\"qodef-m-map\" id=\"qodef-map-id--926\" data-addresses='[\"702-706 9th Ave New York, NY 10019\"]' data-pin=https:\/\/aglae92.fr\/wp-content\/uploads\/2020\/08\/map-pin.png data-unique-id=926 data-height=608px><\/div>\n<\/div>\t\t\t\t<\/div>\n\t\t\t\t<\/div>\n\t\t\t\t\t<\/div>\n\t\t<\/div>\n\t\t\t\t\t<\/div>\n\t\t<\/section>\n\t\t\t\t<section class=\"elementor-section elementor-top-section elementor-element elementor-element-dad4b33 qodef-elementor-content-grid elementor-section-boxed elementor-section-height-default elementor-section-height-default\" data-id=\"dad4b33\" data-element_type=\"section\">\n\t\t\t\t\t\t<div class=\"elementor-container elementor-column-gap-default\">\n\t\t\t\t\t<div class=\"elementor-column elementor-col-50 elementor-top-column elementor-element elementor-element-76fd389\" data-id=\"76fd389\" data-element_type=\"column\">\n\t\t\t<div class=\"elementor-widget-wrap elementor-element-populated\">\n\t\t\t\t\t\t<div class=\"elementor-element elementor-element-320de83 elementor-widget elementor-widget-playroom_core_section_title\" data-id=\"320de83\" data-element_type=\"widget\" data-widget_type=\"playroom_core_section_title.default\">\n\t\t\t\t<div class=\"elementor-widget-container\">\n\t\t\t\t\t<div class=\"qodef-shortcode qodef-m  qodef-section-title qodef-alignment--left \">\n    \t\t<h2 class=\"qodef-m-title\" >\n\t\t\t\t\t<span class=\"qodef-m-title--third-color\" style=\"color: #8dc8ae\">Contactez-nous<\/span>\t\t\t<\/h2>\n\t\t<p class=\"qodef-m-text\" style=\"margin-top: 13px\">Agla\u00e9 - Cr\u00e8che et garde \u00e0 domicile en toute confiance<\/p>\n<\/div>\t\t\t\t<\/div>\n\t\t\t\t<\/div>\n\t\t\t\t<div class=\"elementor-element elementor-element-cad6846 elementor-widget elementor-widget-text-editor\" data-id=\"cad6846\" data-element_type=\"widget\" data-widget_type=\"text-editor.default\">\n\t\t\t\t<div class=\"elementor-widget-container\">\n\t\t\t\t\t\t\t\t\t<h3>Coordonn\u00e9es<\/h3>\t\t\t\t\t\t\t\t<\/div>\n\t\t\t\t<\/div>\n\t\t\t\t<section class=\"elementor-section elementor-inner-section elementor-element elementor-element-0264625 elementor-section-boxed elementor-section-height-default elementor-section-height-default qodef-elementor-content-no\" data-id=\"0264625\" data-element_type=\"section\">\n\t\t\t\t\t\t<div class=\"elementor-container elementor-column-gap-default\">\n\t\t\t\t\t<div class=\"elementor-column elementor-col-50 elementor-inner-column elementor-element elementor-element-1ebe50c\" data-id=\"1ebe50c\" data-element_type=\"column\">\n\t\t\t<div class=\"elementor-widget-wrap elementor-element-populated\">\n\t\t\t\t\t\t<div class=\"elementor-element elementor-element-8c08296 elementor-widget elementor-widget-playroom_core_icon_with_text\" data-id=\"8c08296\" data-element_type=\"widget\" data-widget_type=\"playroom_core_icon_with_text.default\">\n\t\t\t\t<div class=\"elementor-widget-container\">\n\t\t\t\t\t<div class=\"qodef-shortcode qodef-m  qodef-icon-with-text qodef-layout--inline qodef--icon-pack qodef-alignment--left\">\n    <div class=\"qodef-m-content\">\n        \t<h6 class=\"qodef-m-title\" >\n        <span class=\"qodef-m-title-inner\">\n            <span class=\"qodef-m-icon-wrapper\">\n                                <span class=\"qodef-shortcode qodef-m  qodef-icon-holder qodef-size--default qodef-layout--normal\"  >\t        <span class=\"qodef-icon-elegant-icons icon_building qodef-icon qodef-e\" style=\"\" ><\/span>    <\/span>            <\/span>\n            <span class=\"qodef-m-title-text\">\n                Adresse :            <\/span>\n        <\/span>\n\t<\/h6>\n            <p class=\"qodef-m-text\" style=\"margin-top: 0px\">\r\n                    \n19 Rue des 4 Vents, 92380 Garches            <\/p>\r\n    <\/div>\n<\/div>\t\t\t\t<\/div>\n\t\t\t\t<\/div>\n\t\t\t\t<div class=\"elementor-element elementor-element-4260f3e elementor-widget elementor-widget-playroom_core_icon_with_text\" data-id=\"4260f3e\" data-element_type=\"widget\" data-widget_type=\"playroom_core_icon_with_text.default\">\n\t\t\t\t<div class=\"elementor-widget-container\">\n\t\t\t\t\t<div class=\"qodef-shortcode qodef-m  qodef-icon-with-text qodef-layout--inline qodef--icon-pack qodef-alignment--left\">\n    <div class=\"qodef-m-content\">\n        \t<h6 class=\"qodef-m-title\" >\n        <span class=\"qodef-m-title-inner\">\n            <span class=\"qodef-m-icon-wrapper\">\n                                <span class=\"qodef-shortcode qodef-m  qodef-icon-holder qodef-size--default qodef-layout--normal\"  >\t        <span class=\"qodef-icon-elegant-icons icon_mail qodef-icon qodef-e\" style=\"\" ><\/span>    <\/span>            <\/span>\n            <span class=\"qodef-m-title-text\">\n                E-mail :             <\/span>\n        <\/span>\n\t<\/h6>\n            <p class=\"qodef-m-text\" style=\"margin-top: 0px\">\r\n                    <a itemprop=\"url\" href=\"mailto:crechefamiliale.aglae@gmail.com\" target=\"_blank\">\r\n                    crechefamiliale.aglae@gmail.com                    <\/a>\r\n            <\/p>\r\n    <\/div>\n<\/div>\t\t\t\t<\/div>\n\t\t\t\t<\/div>\n\t\t\t\t\t<\/div>\n\t\t<\/div>\n\t\t\t\t<div class=\"elementor-column elementor-col-50 elementor-inner-column elementor-element elementor-element-c4e252d\" data-id=\"c4e252d\" data-element_type=\"column\">\n\t\t\t<div class=\"elementor-widget-wrap elementor-element-populated\">\n\t\t\t\t\t\t<div class=\"elementor-element elementor-element-d73ac9d elementor-widget elementor-widget-playroom_core_icon_with_text\" data-id=\"d73ac9d\" data-element_type=\"widget\" data-widget_type=\"playroom_core_icon_with_text.default\">\n\t\t\t\t<div class=\"elementor-widget-container\">\n\t\t\t\t\t<div class=\"qodef-shortcode qodef-m  qodef-icon-with-text qodef-layout--inline qodef--icon-pack qodef-alignment--left\">\n    <div class=\"qodef-m-content\">\n        \t<h6 class=\"qodef-m-title\" >\n        <span class=\"qodef-m-title-inner\">\n            <span class=\"qodef-m-icon-wrapper\">\n                                <span class=\"qodef-shortcode qodef-m  qodef-icon-holder qodef-size--default qodef-layout--normal\"  >\t        <span class=\"qodef-icon-elegant-icons icon_id qodef-icon qodef-e\" style=\"\" ><\/span>    <\/span>            <\/span>\n            <span class=\"qodef-m-title-text\">\n                Directrice :            <\/span>\n        <\/span>\n\t<\/h6>\n            <p class=\"qodef-m-text\" style=\"margin-top: 0px\">\r\n                    Christelle LAMBERT GUESNON            <\/p>\r\n    <\/div>\n<\/div>\t\t\t\t<\/div>\n\t\t\t\t<\/div>\n\t\t\t\t<div class=\"elementor-element elementor-element-a6ace15 elementor-widget elementor-widget-playroom_core_icon_with_text\" data-id=\"a6ace15\" data-element_type=\"widget\" data-widget_type=\"playroom_core_icon_with_text.default\">\n\t\t\t\t<div class=\"elementor-widget-container\">\n\t\t\t\t\t<div class=\"qodef-shortcode qodef-m  qodef-icon-with-text qodef-layout--inline qodef--icon-pack qodef-alignment--left\">\n    <div class=\"qodef-m-content\">\n        \t<h6 class=\"qodef-m-title\" >\n        <span class=\"qodef-m-title-inner\">\n            <span class=\"qodef-m-icon-wrapper\">\n                                <span class=\"qodef-shortcode qodef-m  qodef-icon-holder qodef-size--default qodef-layout--normal\"  >\t        <span class=\"qodef-icon-elegant-icons icon_mobile qodef-icon qodef-e\" style=\"\" ><\/span>    <\/span>            <\/span>\n            <span class=\"qodef-m-title-text\">\n                T\u00e9l\u00e9phone :            <\/span>\n        <\/span>\n\t<\/h6>\n            <p class=\"qodef-m-text\" style=\"margin-top: 0px\">\r\n                    <a itemprop=\"url\" href=\"tel:+132024232024\" target=\"_blank\">\r\n                    + 33 (0)1 47 41 37 73                    <\/a>\r\n            <\/p>\r\n    <\/div>\n<\/div>\t\t\t\t<\/div>\n\t\t\t\t<\/div>\n\t\t\t\t\t<\/div>\n\t\t<\/div>\n\t\t\t\t\t<\/div>\n\t\t<\/section>\n\t\t\t\t<div class=\"elementor-element elementor-element-811edf8 elementor-widget elementor-widget-text-editor\" data-id=\"811edf8\" data-element_type=\"widget\" data-widget_type=\"text-editor.default\">\n\t\t\t\t<div class=\"elementor-widget-container\">\n\t\t\t\t\t\t\t\t\t<h3>RAP<\/h3>\t\t\t\t\t\t\t\t<\/div>\n\t\t\t\t<\/div>\n\t\t\t\t<div class=\"elementor-element elementor-element-eb495f6 elementor-widget elementor-widget-playroom_core_icon_with_text\" data-id=\"eb495f6\" data-element_type=\"widget\" data-widget_type=\"playroom_core_icon_with_text.default\">\n\t\t\t\t<div class=\"elementor-widget-container\">\n\t\t\t\t\t<div class=\"qodef-shortcode qodef-m  qodef-icon-with-text qodef-layout--inline qodef--icon-pack qodef-alignment--left\">\n    <div class=\"qodef-m-content\">\n        \t<h6 class=\"qodef-m-title\" >\n        <span class=\"qodef-m-title-inner\">\n            <span class=\"qodef-m-icon-wrapper\">\n                                <span class=\"qodef-shortcode qodef-m  qodef-icon-holder qodef-size--default qodef-layout--normal\"  >\t        <span class=\"qodef-icon-elegant-icons icon_mobile qodef-icon qodef-e\" style=\"\" ><\/span>    <\/span>            <\/span>\n            <span class=\"qodef-m-title-text\">\n                T\u00e9l\u00e9phone :            <\/span>\n        <\/span>\n\t<\/h6>\n            <p class=\"qodef-m-text\" style=\"margin-top: 0px\">\r\n                    <a itemprop=\"url\" href=\"tel:+132024232024\" target=\"_blank\">\r\n                    + 33 (0)1 47 01 47 26                    <\/a>\r\n            <\/p>\r\n    <\/div>\n<\/div>\t\t\t\t<\/div>\n\t\t\t\t<\/div>\n\t\t\t\t<div class=\"elementor-element elementor-element-0e8d2e0 elementor-widget elementor-widget-playroom_core_icon_with_text\" data-id=\"0e8d2e0\" data-element_type=\"widget\" data-widget_type=\"playroom_core_icon_with_text.default\">\n\t\t\t\t<div class=\"elementor-widget-container\">\n\t\t\t\t\t<div class=\"qodef-shortcode qodef-m  qodef-icon-with-text qodef-layout--inline qodef--icon-pack qodef-alignment--left\">\n    <div class=\"qodef-m-content\">\n        \t<h6 class=\"qodef-m-title\" >\n        <span class=\"qodef-m-title-inner\">\n            <span class=\"qodef-m-icon-wrapper\">\n                                <span class=\"qodef-shortcode qodef-m  qodef-icon-holder qodef-size--default qodef-layout--normal\"  >\t        <span class=\"qodef-icon-elegant-icons icon_mail qodef-icon qodef-e\" style=\"\" ><\/span>    <\/span>            <\/span>\n            <span class=\"qodef-m-title-text\">\n                E-mail :             <\/span>\n        <\/span>\n\t<\/h6>\n            <p class=\"qodef-m-text\" style=\"margin-top: 0px\">\r\n                    <a itemprop=\"url\" href=\"mailto:aglae.rap.mn@free.fr\" target=\"_blank\">\r\n                    aglae.rap.mn@free.fr                    <\/a>\r\n            <\/p>\r\n    <\/div>\n<\/div>\t\t\t\t<\/div>\n\t\t\t\t<\/div>\n\t\t\t\t\t<\/div>\n\t\t<\/div>\n\t\t\t\t<div class=\"elementor-column elementor-col-50 elementor-top-column elementor-element elementor-element-fa59232\" data-id=\"fa59232\" data-element_type=\"column\">\n\t\t\t<div class=\"elementor-widget-wrap elementor-element-populated\">\n\t\t\t\t\t\t<div class=\"elementor-element elementor-element-dca6a08 elementor-widget elementor-widget-image\" data-id=\"dca6a08\" data-element_type=\"widget\" data-widget_type=\"image.default\">\n\t\t\t\t<div class=\"elementor-widget-container\">\n\t\t\t\t\t\t\t\t\t\t\t\t\t\t\t<img fetchpriority=\"high\" decoding=\"async\" width=\"1024\" height=\"683\" src=\"https:\/\/aglae92.fr\/wp-content\/uploads\/2024\/06\/creche-Aglae-Accueil-1024x683.jpg\" class=\"attachment-large size-large wp-image-9132\" alt=\"\" srcset=\"https:\/\/aglae92.fr\/wp-content\/uploads\/2024\/06\/creche-Aglae-Accueil-1024x683.jpg 1024w, https:\/\/aglae92.fr\/wp-content\/uploads\/2024\/06\/creche-Aglae-Accueil-300x200.jpg 300w, https:\/\/aglae92.fr\/wp-content\/uploads\/2024\/06\/creche-Aglae-Accueil-768x512.jpg 768w, https:\/\/aglae92.fr\/wp-content\/uploads\/2024\/06\/creche-Aglae-Accueil-1536x1024.jpg 1536w, https:\/\/aglae92.fr\/wp-content\/uploads\/2024\/06\/creche-Aglae-Accueil.jpg 1920w\" sizes=\"(max-width: 1024px) 100vw, 1024px\" \/>\t\t\t\t\t\t\t\t\t\t\t\t\t\t\t<\/div>\n\t\t\t\t<\/div>\n\t\t\t\t\t<\/div>\n\t\t<\/div>\n\t\t\t\t\t<\/div>\n\t\t<\/section>\n\t\t\t\t<\/div>\n\t\t","protected":false},"excerpt":{"rendered":"<p>Contactez-nous Agla\u00e9 &#8211; Cr\u00e8che et garde \u00e0 domicile en toute confiance Coordonn\u00e9es Adresse : 19 Rue des 4 Vents, 92380 Garches E-mail : crechefamiliale.aglae@gmail.com Directrice : Christelle LAMBERT GUESNON T\u00e9l\u00e9phone : + 33 (0)1 47 41 37 73 RAP T\u00e9l\u00e9phone : + 33 (0)1 47 01 47 26 E-mail : aglae.rap.mn@free.fr<\/p>\n","protected":false},"author":1,"featured_media":0,"parent":0,"menu_order":0,"comment_status":"closed","ping_status":"closed","template":"page-full-width.php","meta":{"footnotes":""},"class_list":["post-1461","page","type-page","status-publish","hentry"],"_links":{"self":[{"href":"https:\/\/aglae92.fr\/index.php\/wp-json\/wp\/v2\/pages\/1461","targetHints":{"allow":["GET"]}}],"collection":[{"href":"https:\/\/aglae92.fr\/index.php\/wp-json\/wp\/v2\/pages"}],"about":[{"href":"https:\/\/aglae92.fr\/index.php\/wp-json\/wp\/v2\/types\/page"}],"author":[{"embeddable":true,"href":"https:\/\/aglae92.fr\/index.php\/wp-json\/wp\/v2\/users\/1"}],"replies":[{"embeddable":true,"href":"https:\/\/aglae92.fr\/index.php\/wp-json\/wp\/v2\/comments?post=1461"}],"version-history":[{"count":4,"href":"https:\/\/aglae92.fr\/index.php\/wp-json\/wp\/v2\/pages\/1461\/revisions"}],"predecessor-version":[{"id":9435,"href":"https:\/\/aglae92.fr\/index.php\/wp-json\/wp\/v2\/pages\/1461\/revisions\/9435"}],"wp:attachment":[{"href":"https:\/\/aglae92.fr\/index.php\/wp-json\/wp\/v2\/media?parent=1461"}],"curies":[{"name":"wp","href":"https:\/\/api.w.org\/{rel}","templated":true}]}}