{"id":3841,"date":"2020-06-15T11:05:39","date_gmt":"2020-06-15T11:05:39","guid":{"rendered":"https:\/\/playroom.qodeinteractive.com\/?page_id=3841"},"modified":"2026-03-13T11:41:33","modified_gmt":"2026-03-13T10:41:33","slug":"about-us","status":"publish","type":"page","link":"https:\/\/aglae92.fr\/index.php\/about-us\/","title":{"rendered":"Notre p\u00e9dagogie"},"content":{"rendered":"\t\t<div data-elementor-type=\"wp-page\" data-elementor-id=\"3841\" class=\"elementor elementor-3841\">\n\t\t\t\t\t\t<section class=\"elementor-section elementor-top-section elementor-element elementor-element-1503dd58 elementor-section-boxed elementor-section-height-default elementor-section-height-default qodef-elementor-content-no\" data-id=\"1503dd58\" data-element_type=\"section\" data-settings=\"{&quot;background_background&quot;:&quot;classic&quot;}\">\n\t\t\t\t\t\t<div class=\"elementor-container elementor-column-gap-default\">\n\t\t\t\t\t<div class=\"elementor-column elementor-col-100 elementor-top-column elementor-element elementor-element-2c0ea611\" data-id=\"2c0ea611\" data-element_type=\"column\">\n\t\t\t<div class=\"elementor-widget-wrap elementor-element-populated\">\n\t\t\t\t\t\t<div class=\"elementor-element elementor-element-1982fb5b elementor-widget elementor-widget-playroom_core_section_title\" data-id=\"1982fb5b\" data-element_type=\"widget\" data-widget_type=\"playroom_core_section_title.default\">\n\t\t\t\t<div class=\"elementor-widget-container\">\n\t\t\t\t\t<div class=\"qodef-shortcode qodef-m  qodef-section-title qodef-alignment--center \">\n        <span class=\"qodef-m-tagline\" style=\"margin-bottom: 12px\">Agla\u00e9<\/span>\r\n\t\t<h2 class=\"qodef-m-title\" >\n\t\t\t\t\tNos <span class=\"qodef-m-title--second-color\" style=\"color: #444444\">valeurs<\/span>\t\t\t<\/h2>\n\t<\/div>\t\t\t\t<\/div>\n\t\t\t\t<\/div>\n\t\t\t\t\t<\/div>\n\t\t<\/div>\n\t\t\t\t\t<\/div>\n\t\t<\/section>\n\t\t\t\t<section class=\"elementor-section elementor-top-section elementor-element elementor-element-12159888 qodef-elementor-content-grid elementor-section-boxed elementor-section-height-default elementor-section-height-default\" data-id=\"12159888\" data-element_type=\"section\" data-settings=\"{&quot;background_background&quot;:&quot;classic&quot;}\">\n\t\t\t\t\t\t<div class=\"elementor-container elementor-column-gap-default\">\n\t\t\t\t\t<div class=\"elementor-column elementor-col-33 elementor-top-column elementor-element elementor-element-41366be4\" data-id=\"41366be4\" data-element_type=\"column\">\n\t\t\t<div class=\"elementor-widget-wrap elementor-element-populated\">\n\t\t\t\t\t\t<div class=\"elementor-element elementor-element-5db8f11 elementor-widget elementor-widget-playroom_core_image_with_text\" data-id=\"5db8f11\" data-element_type=\"widget\" data-widget_type=\"playroom_core_image_with_text.default\">\n\t\t\t\t<div class=\"elementor-widget-container\">\n\t\t\t\t\t<div class=\"qodef-shortcode qodef-m  qodef-image-with-text qodef-layout--text-below qodef-action--none   qodef-hover-type--none qodef-appear-animation qodef-float-animation \" >\n\t<div class=\"qodef-m-image\" >\n\t                <div class=\"qodef-m-main-image\">\n            <img fetchpriority=\"high\" decoding=\"async\" width=\"250\" height=\"222\" src=\"https:\/\/aglae92.fr\/wp-content\/uploads\/2020\/06\/h2-img-5.png\" class=\"attachment-full size-full\" alt=\"a\" \/>        <\/div>\n        \t<\/div>\t<div class=\"qodef-m-content\">\n\t\t\t<h4 class=\"qodef-m-title\" style=\"margin-top: 37px\">\n\t\t\t\t\tBienveillance\t\t\t<\/h4>\n\t\t\t<\/div>\n<\/div>\t\t\t\t<\/div>\n\t\t\t\t<\/div>\n\t\t\t\t\t<\/div>\n\t\t<\/div>\n\t\t\t\t<div class=\"elementor-column elementor-col-33 elementor-top-column elementor-element elementor-element-349be78f\" data-id=\"349be78f\" data-element_type=\"column\">\n\t\t\t<div class=\"elementor-widget-wrap elementor-element-populated\">\n\t\t\t\t\t\t<div class=\"elementor-element elementor-element-af4cc91 elementor-widget elementor-widget-playroom_core_image_with_text\" data-id=\"af4cc91\" data-element_type=\"widget\" data-widget_type=\"playroom_core_image_with_text.default\">\n\t\t\t\t<div class=\"elementor-widget-container\">\n\t\t\t\t\t<div class=\"qodef-shortcode qodef-m  qodef-image-with-text qodef-layout--text-below qodef-action--none   qodef-hover-type--none qodef-appear-animation qodef-float-animation \" style=\"transition-delay: .2s\">\n\t<div class=\"qodef-m-image\" style=\"animation-delay: 1s\">\n\t                <div class=\"qodef-m-main-image\">\n            <img decoding=\"async\" width=\"250\" height=\"222\" src=\"https:\/\/aglae92.fr\/wp-content\/uploads\/2020\/06\/h2-img-8.png\" class=\"attachment-full size-full\" alt=\"a\" \/>        <\/div>\n        \t<\/div>\t<div class=\"qodef-m-content\">\n\t\t\t<h4 class=\"qodef-m-title\" style=\"margin-top: 37px\">\n\t\t\t\t\tExigence\t\t\t<\/h4>\n\t\t\t<\/div>\n<\/div>\t\t\t\t<\/div>\n\t\t\t\t<\/div>\n\t\t\t\t\t<\/div>\n\t\t<\/div>\n\t\t\t\t<div class=\"elementor-column elementor-col-33 elementor-top-column elementor-element elementor-element-73c2a79b\" data-id=\"73c2a79b\" data-element_type=\"column\">\n\t\t\t<div class=\"elementor-widget-wrap elementor-element-populated\">\n\t\t\t\t\t\t<div class=\"elementor-element elementor-element-6df7453 elementor-widget elementor-widget-playroom_core_image_with_text\" data-id=\"6df7453\" data-element_type=\"widget\" data-widget_type=\"playroom_core_image_with_text.default\">\n\t\t\t\t<div class=\"elementor-widget-container\">\n\t\t\t\t\t<div class=\"qodef-shortcode qodef-m  qodef-image-with-text qodef-layout--text-below qodef-action--none   qodef-hover-type--none qodef-appear-animation qodef-float-animation \" style=\"transition-delay: .4s\">\n\t<div class=\"qodef-m-image\" >\n\t                <div class=\"qodef-m-main-image\">\n            <img decoding=\"async\" width=\"250\" height=\"222\" src=\"https:\/\/aglae92.fr\/wp-content\/uploads\/2020\/06\/h2-img-7.png\" class=\"attachment-full size-full\" alt=\"a\" \/>        <\/div>\n        \t<\/div>\t<div class=\"qodef-m-content\">\n\t\t\t<h4 class=\"qodef-m-title\" style=\"margin-top: 37px\">\n\t\t\t\t\tEpanouissement\t\t\t<\/h4>\n\t\t\t<\/div>\n<\/div>\t\t\t\t<\/div>\n\t\t\t\t<\/div>\n\t\t\t\t\t<\/div>\n\t\t<\/div>\n\t\t\t\t\t<\/div>\n\t\t<\/section>\n\t\t\t\t<section class=\"elementor-section elementor-top-section elementor-element elementor-element-53823d52 qodef-elementor-content-grid elementor-section-boxed elementor-section-height-default elementor-section-height-default\" data-id=\"53823d52\" data-element_type=\"section\">\n\t\t\t\t\t\t<div class=\"elementor-container elementor-column-gap-default\">\n\t\t\t\t\t<div class=\"elementor-column elementor-col-100 elementor-top-column elementor-element elementor-element-7da2446e\" data-id=\"7da2446e\" data-element_type=\"column\">\n\t\t\t<div class=\"elementor-widget-wrap elementor-element-populated\">\n\t\t\t\t\t\t<div class=\"elementor-element elementor-element-6998d9a8 elementor-widget elementor-widget-playroom_core_section_title\" data-id=\"6998d9a8\" data-element_type=\"widget\" data-widget_type=\"playroom_core_section_title.default\">\n\t\t\t\t<div class=\"elementor-widget-container\">\n\t\t\t\t\t<div class=\"qodef-shortcode qodef-m  qodef-section-title qodef-alignment--center \">\n        <span class=\"qodef-m-tagline\" style=\"margin-bottom: 12px\">Agla\u00e9<\/span>\r\n\t\t<h2 class=\"qodef-m-title\" >\n\t\t\t\t\t<span class=\"qodef-m-title--third-color\" style=\"color: #8dc8ae\">la<\/span> <span class=\"qodef-m-title--second-color\" style=\"color: #444444\">socialisation,<\/span> <span class=\"qodef-m-title--second-color\" style=\"color: #444444\">la<\/span> confiance en soi, l\u2019\u00e9veil.\t\t\t<\/h2>\n\t<\/div>\t\t\t\t<\/div>\n\t\t\t\t<\/div>\n\t\t\t\t\t<\/div>\n\t\t<\/div>\n\t\t\t\t\t<\/div>\n\t\t<\/section>\n\t\t\t\t<section class=\"elementor-section elementor-top-section elementor-element elementor-element-2682e6a qodef-elementor-content-grid qodef-extended-grid qodef-extended-grid--right qodef-mobile-full-width elementor-section-full_width elementor-section-height-default elementor-section-height-default\" data-id=\"2682e6a\" data-element_type=\"section\" data-settings=\"{&quot;background_background&quot;:&quot;classic&quot;}\">\n\t\t\t\t\t\t<div class=\"elementor-container elementor-column-gap-default\">\n\t\t\t\t\t<div class=\"elementor-column elementor-col-50 elementor-top-column elementor-element elementor-element-86c7552\" data-id=\"86c7552\" data-element_type=\"column\" data-settings=\"{&quot;background_background&quot;:&quot;classic&quot;}\">\n\t\t\t<div class=\"elementor-widget-wrap elementor-element-populated\">\n\t\t\t\t\t\t<div class=\"elementor-element elementor-element-114116a elementor-widget elementor-widget-playroom_core_section_title\" data-id=\"114116a\" data-element_type=\"widget\" data-widget_type=\"playroom_core_section_title.default\">\n\t\t\t\t<div class=\"elementor-widget-container\">\n\t\t\t\t\t<div class=\"qodef-shortcode qodef-m  qodef-section-title qodef-alignment--left \">\n        <span class=\"qodef-m-tagline\" style=\"margin-bottom: 12px\">Agla\u00e9<\/span>\r\n\t\t<h2 class=\"qodef-m-title\" >\n\t\t\t\t\t<span class=\"qodef-m-title--third-color\" style=\"color: #8dc8ae\">les<\/span> <span class=\"qodef-m-title--second-color\" style=\"color: #444444\">ateliers<\/span> <span class=\"qodef-m-title--second-color\" style=\"color: #444444\">d\u2019\u00e9veil<\/span> \t\t\t<\/h2>\n\t<\/div>\t\t\t\t<\/div>\n\t\t\t\t<\/div>\n\t\t\t\t<div class=\"elementor-element elementor-element-da0f257 elementor-widget elementor-widget-text-editor\" data-id=\"da0f257\" data-element_type=\"widget\" data-widget_type=\"text-editor.default\">\n\t\t\t\t<div class=\"elementor-widget-container\">\n\t\t\t\t\t\t\t\t\t<p><strong>Objectifs : la socialisation, la confiance en soi, l\u2019\u00e9veil.<\/strong><\/p><ul><li>Permettre \u00e0 l\u2019enfant de s\u2019int\u00e9grer en douceur dans un groupe.<\/li><li>D\u00e9velopper et stimuler la cr\u00e9ativit\u00e9, en cr\u00e9ant les conditions favorables pour l\u2019exploration, l\u2019exp\u00e9rimentation et les interactions sociales .<\/li><li>Favoriser l\u2019expression corporelle et orale par des temps de jeux et de regroupement interactifs (avec le support d\u2019histoires, de comptines, de chansons, de musique\u2026).<\/li><\/ul>\t\t\t\t\t\t\t\t<\/div>\n\t\t\t\t<\/div>\n\t\t\t\t\t<\/div>\n\t\t<\/div>\n\t\t\t\t<div class=\"elementor-column elementor-col-50 elementor-top-column elementor-element elementor-element-32b3823\" data-id=\"32b3823\" data-element_type=\"column\" data-settings=\"{&quot;background_background&quot;:&quot;classic&quot;}\">\n\t\t\t<div class=\"elementor-widget-wrap elementor-element-populated\">\n\t\t\t\t\t\t<div class=\"elementor-element elementor-element-304dbe6 elementor-widget elementor-widget-image\" data-id=\"304dbe6\" data-element_type=\"widget\" data-widget_type=\"image.default\">\n\t\t\t\t<div class=\"elementor-widget-container\">\n\t\t\t\t\t\t\t\t\t\t\t\t\t\t\t<img loading=\"lazy\" decoding=\"async\" width=\"800\" height=\"661\" src=\"https:\/\/aglae92.fr\/wp-content\/uploads\/2026\/03\/eveil-aglae.png\" class=\"attachment-large size-large wp-image-9353\" alt=\"\" srcset=\"https:\/\/aglae92.fr\/wp-content\/uploads\/2026\/03\/eveil-aglae.png 800w, https:\/\/aglae92.fr\/wp-content\/uploads\/2026\/03\/eveil-aglae-300x248.png 300w, https:\/\/aglae92.fr\/wp-content\/uploads\/2026\/03\/eveil-aglae-768x635.png 768w\" sizes=\"(max-width: 800px) 100vw, 800px\" \/>\t\t\t\t\t\t\t\t\t\t\t\t\t\t\t<\/div>\n\t\t\t\t<\/div>\n\t\t\t\t\t<\/div>\n\t\t<\/div>\n\t\t\t\t\t<\/div>\n\t\t<\/section>\n\t\t\t\t<section class=\"elementor-section elementor-top-section elementor-element elementor-element-68dd7ce qodef-elementor-content-grid qodef-extended-grid qodef-extended-grid--right qodef-mobile-full-width elementor-section-full_width elementor-section-height-default elementor-section-height-default\" data-id=\"68dd7ce\" data-element_type=\"section\" data-settings=\"{&quot;background_background&quot;:&quot;classic&quot;}\">\n\t\t\t\t\t\t<div class=\"elementor-container elementor-column-gap-default\">\n\t\t\t\t\t<div class=\"elementor-column elementor-col-50 elementor-top-column elementor-element elementor-element-d40abf5\" data-id=\"d40abf5\" data-element_type=\"column\" data-settings=\"{&quot;background_background&quot;:&quot;classic&quot;}\">\n\t\t\t<div class=\"elementor-widget-wrap elementor-element-populated\">\n\t\t\t\t\t\t<div class=\"elementor-element elementor-element-38c0790 elementor-widget elementor-widget-playroom_core_section_title\" data-id=\"38c0790\" data-element_type=\"widget\" data-widget_type=\"playroom_core_section_title.default\">\n\t\t\t\t<div class=\"elementor-widget-container\">\n\t\t\t\t\t<div class=\"qodef-shortcode qodef-m  qodef-section-title qodef-alignment--left \">\n        <span class=\"qodef-m-tagline\" style=\"margin-bottom: 12px\">Les temps collectifs<\/span>\r\n\t\t<h2 class=\"qodef-m-title\" >\n\t\t\t\t\t<span class=\"qodef-m-title--third-color\" style=\"color: #8dc8ae\">La<\/span> <span class=\"qodef-m-title--second-color\" style=\"color: #444444\">gym<\/span> <span class=\"qodef-m-title--second-color\" style=\"color: #444444\">des<\/span> <span class=\"qodef-m-title--second-color\" style=\"color: #444444\">petits<\/span> \t\t\t<\/h2>\n\t<\/div>\t\t\t\t<\/div>\n\t\t\t\t<\/div>\n\t\t\t\t<div class=\"elementor-element elementor-element-b03ca6b elementor-widget elementor-widget-text-editor\" data-id=\"b03ca6b\" data-element_type=\"widget\" data-widget_type=\"text-editor.default\">\n\t\t\t\t<div class=\"elementor-widget-container\">\n\t\t\t\t\t\t\t\t\t<p>Offrir \u00e0 l\u2019enfant une grande libert\u00e9 de mouvement gr\u00e2ce \u00e0 un acc\u00e8s privil\u00e9gi\u00e9 <strong>1 fois\/semaine<\/strong> dans une salle municipale de gymnastique.<br \/>Cet apprentissage permet \u00e0 l\u2019enfant de :<\/p><ul><li>Favoriser et d\u00e9velopper son expression corporelle <\/li><li>Partager des moments collectifs <\/li><\/ul><p><strong>Disposer de plusieurs temps de partage<\/strong> qui permettent :<\/p><ul><li><strong>la socialisation<\/strong> \u00e0 travers des jeux ensemble, adultes et enfants, comme un temps de chansons, le parachute, une course\u2026<\/li><li><strong>un temps d\u2019expression corporelle<\/strong> dans un lieu s\u00e9curis\u00e9, o\u00f9 l\u2019enfant peut s\u2019amuser en toute libert\u00e9 mais aussi tester des jeux d\u2019adresse, des parcours d\u2019obstacles<\/li><\/ul>\t\t\t\t\t\t\t\t<\/div>\n\t\t\t\t<\/div>\n\t\t\t\t\t<\/div>\n\t\t<\/div>\n\t\t\t\t<div class=\"elementor-column elementor-col-50 elementor-top-column elementor-element elementor-element-5735c5b\" data-id=\"5735c5b\" data-element_type=\"column\" data-settings=\"{&quot;background_background&quot;:&quot;classic&quot;}\">\n\t\t\t<div class=\"elementor-widget-wrap elementor-element-populated\">\n\t\t\t\t\t\t<div class=\"elementor-element elementor-element-aebf71e elementor-widget elementor-widget-image\" data-id=\"aebf71e\" data-element_type=\"widget\" data-widget_type=\"image.default\">\n\t\t\t\t<div class=\"elementor-widget-container\">\n\t\t\t\t\t\t\t\t\t\t\t\t\t\t\t<img loading=\"lazy\" decoding=\"async\" width=\"800\" height=\"661\" src=\"https:\/\/aglae92.fr\/wp-content\/uploads\/2026\/03\/ateliers-aglae-1.png\" class=\"attachment-large size-large wp-image-9348\" alt=\"\" srcset=\"https:\/\/aglae92.fr\/wp-content\/uploads\/2026\/03\/ateliers-aglae-1.png 800w, https:\/\/aglae92.fr\/wp-content\/uploads\/2026\/03\/ateliers-aglae-1-300x248.png 300w, https:\/\/aglae92.fr\/wp-content\/uploads\/2026\/03\/ateliers-aglae-1-768x635.png 768w\" sizes=\"(max-width: 800px) 100vw, 800px\" \/>\t\t\t\t\t\t\t\t\t\t\t\t\t\t\t<\/div>\n\t\t\t\t<\/div>\n\t\t\t\t\t<\/div>\n\t\t<\/div>\n\t\t\t\t\t<\/div>\n\t\t<\/section>\n\t\t\t\t<section class=\"elementor-section elementor-top-section elementor-element elementor-element-ec2b276 qodef-elementor-content-grid elementor-section-boxed elementor-section-height-default elementor-section-height-default\" data-id=\"ec2b276\" data-element_type=\"section\" data-settings=\"{&quot;background_background&quot;:&quot;classic&quot;}\">\n\t\t\t\t\t\t<div class=\"elementor-container elementor-column-gap-default\">\n\t\t\t\t\t<div class=\"elementor-column elementor-col-100 elementor-top-column elementor-element elementor-element-1d42060\" data-id=\"1d42060\" data-element_type=\"column\">\n\t\t\t<div class=\"elementor-widget-wrap elementor-element-populated\">\n\t\t\t\t\t\t<div class=\"elementor-element elementor-element-066a8bc elementor-widget elementor-widget-playroom_core_section_title\" data-id=\"066a8bc\" data-element_type=\"widget\" data-widget_type=\"playroom_core_section_title.default\">\n\t\t\t\t<div class=\"elementor-widget-container\">\n\t\t\t\t\t<div class=\"qodef-shortcode qodef-m  qodef-section-title qodef-alignment--center \">\n        <span class=\"qodef-m-tagline\" style=\"margin-bottom: 12px\">Projets p\u00e9dagogiques <\/span>\r\n\t\t<h2 class=\"qodef-m-title\" style=\"color: #8DC8AE\">\n\t\t\t\t\tCr\u00e9atifs <span class=\"qodef-m-title--second-color\" style=\"color: #444444\">et<\/span> <span class=\"qodef-m-title--third-color\" style=\"color: #F47647\">dynamiques<\/span> \t\t\t<\/h2>\n\t\t<p class=\"qodef-m-text\" >Une place importante est donn\u00e9e \u00e0 l\u2019imaginaire des enfants qui profitent ensemble de temps de chansons, de comptines, d\u2019histoires.\nNous nous appuyons sur diff\u00e9rents supports comme des images choisies par les enfants, un kamishiba\u00ef (th\u00e9\u00e2tre d\u2019images), des livres, des repr\u00e9sentations d\u2019ombre et lumi\u00e8re et en accueillant des intervenants plusieurs fois dans l\u2019ann\u00e9e.\n<\/p>\n<\/div>\t\t\t\t<\/div>\n\t\t\t\t<\/div>\n\t\t\t\t<div class=\"elementor-element elementor-element-cf26723 elementor-widget elementor-widget-playroom_core_team_list\" data-id=\"cf26723\" data-element_type=\"widget\" data-widget_type=\"playroom_core_team_list.default\">\n\t\t\t\t<div class=\"elementor-widget-container\">\n\t\t\t\t\t<div class=\"qodef-shortcode qodef-m  qodef-team-list qodef-item-layout--info-below qodef-grid qodef-layout--columns  qodef-gutter--medium qodef-col-num--3 qodef-item-layout--info-below qodef--no-bottom-space qodef-pagination--off qodef-responsive--predefined\" data-options=\"{&quot;plugin&quot;:&quot;playroom_core&quot;,&quot;module&quot;:&quot;post-types\\\/team\\\/shortcodes&quot;,&quot;shortcode&quot;:&quot;team-list&quot;,&quot;post_type&quot;:&quot;team&quot;,&quot;next_page&quot;:&quot;2&quot;,&quot;behavior&quot;:&quot;columns&quot;,&quot;images_proportion&quot;:&quot;medium&quot;,&quot;columns&quot;:&quot;3&quot;,&quot;columns_responsive&quot;:&quot;predefined&quot;,&quot;space&quot;:&quot;medium&quot;,&quot;posts_per_page&quot;:&quot;-1&quot;,&quot;orderby&quot;:&quot;date&quot;,&quot;order&quot;:&quot;ASC&quot;,&quot;additional_params&quot;:&quot;tax&quot;,&quot;tax&quot;:&quot;team-category&quot;,&quot;tax_slug&quot;:&quot;projets&quot;,&quot;layout&quot;:&quot;info-below&quot;,&quot;title_tag&quot;:&quot;h4&quot;,&quot;pagination_type&quot;:&quot;no-pagination&quot;,&quot;object_class_name&quot;:&quot;PlayroomCoreTeamListShortcode&quot;,&quot;taxonomy_filter&quot;:&quot;team-category&quot;,&quot;additional_query_args&quot;:{&quot;tax_query&quot;:[{&quot;taxonomy&quot;:&quot;team-category&quot;,&quot;field&quot;:&quot;slug&quot;,&quot;terms&quot;:&quot;projets&quot;}]},&quot;item_classes&quot;:&quot;qodef-e qodef-grid-item&quot;,&quot;space_value&quot;:18}\">\n\t\t<div class=\"qodef-grid-inner clear\">\n\t\t<div class=\"qodef-e qodef-grid-item post-9364 team type-team status-publish has-post-thumbnail hentry team-category-projets\">\n\t<div class=\"qodef-e-inner\">\n\t\t<div class=\"qodef-e-image\">\n\t\t\t\t<div class=\"qodef-e-media-image\">\n\t\t\t\t\t<img loading=\"lazy\" decoding=\"async\" width=\"810\" height=\"457\" src=\"https:\/\/aglae92.fr\/wp-content\/uploads\/2026\/03\/snoezlen.jpg\" class=\"attachment-full size-full wp-post-image\" alt=\"\" srcset=\"https:\/\/aglae92.fr\/wp-content\/uploads\/2026\/03\/snoezlen.jpg 810w, https:\/\/aglae92.fr\/wp-content\/uploads\/2026\/03\/snoezlen-300x169.jpg 300w, https:\/\/aglae92.fr\/wp-content\/uploads\/2026\/03\/snoezlen-768x433.jpg 768w\" sizes=\"(max-width: 810px) 100vw, 810px\" \/>            \t\t\t<\/div>\n\t\t<\/div>\n\t\t<div class=\"qodef-e-content\" >\n\t\t\t\t\t\t<h4 itemprop=\"name\" class=\"qodef-e-title entry-title\" >\n\t\t\tEspace snoezelen\t<\/h4>            \t\t\t\t\t<\/div>\n\t<\/div>\n<\/div><div class=\"qodef-e qodef-grid-item post-9365 team type-team status-publish has-post-thumbnail hentry team-category-projets\">\n\t<div class=\"qodef-e-inner\">\n\t\t<div class=\"qodef-e-image\">\n\t\t\t\t<div class=\"qodef-e-media-image\">\n\t\t\t\t\t<img loading=\"lazy\" decoding=\"async\" width=\"810\" height=\"457\" src=\"https:\/\/aglae92.fr\/wp-content\/uploads\/2026\/03\/atelier-montessori.jpg\" class=\"attachment-full size-full wp-post-image\" alt=\"\" srcset=\"https:\/\/aglae92.fr\/wp-content\/uploads\/2026\/03\/atelier-montessori.jpg 810w, https:\/\/aglae92.fr\/wp-content\/uploads\/2026\/03\/atelier-montessori-300x169.jpg 300w, https:\/\/aglae92.fr\/wp-content\/uploads\/2026\/03\/atelier-montessori-768x433.jpg 768w\" sizes=\"(max-width: 810px) 100vw, 810px\" \/>            \t\t\t<\/div>\n\t\t<\/div>\n\t\t<div class=\"qodef-e-content\" >\n\t\t\t\t\t\t<h4 itemprop=\"name\" class=\"qodef-e-title entry-title\" >\n\t\t\tDes ateliers Montessori\t<\/h4>            \t\t\t\t\t<\/div>\n\t<\/div>\n<\/div><div class=\"qodef-e qodef-grid-item post-9373 team type-team status-publish has-post-thumbnail hentry team-category-projets\">\n\t<div class=\"qodef-e-inner\">\n\t\t<div class=\"qodef-e-image\">\n\t\t\t\t<div class=\"qodef-e-media-image\">\n\t\t\t\t\t<img loading=\"lazy\" decoding=\"async\" width=\"810\" height=\"457\" src=\"https:\/\/aglae92.fr\/wp-content\/uploads\/2026\/03\/eveil-nature.jpg\" class=\"attachment-full size-full wp-post-image\" alt=\"\" srcset=\"https:\/\/aglae92.fr\/wp-content\/uploads\/2026\/03\/eveil-nature.jpg 810w, https:\/\/aglae92.fr\/wp-content\/uploads\/2026\/03\/eveil-nature-300x169.jpg 300w, https:\/\/aglae92.fr\/wp-content\/uploads\/2026\/03\/eveil-nature-768x433.jpg 768w\" sizes=\"(max-width: 810px) 100vw, 810px\" \/>            \t\t\t<\/div>\n\t\t<\/div>\n\t\t<div class=\"qodef-e-content\" >\n\t\t\t\t\t\t<h4 itemprop=\"name\" class=\"qodef-e-title entry-title\" >\n\t\t\tEveil \u00e0 la nature\t<\/h4>            \t\t\t\t\t<\/div>\n\t<\/div>\n<\/div>\t<\/div>\n\t<\/div>\t\t\t\t<\/div>\n\t\t\t\t<\/div>\n\t\t\t\t\t<\/div>\n\t\t<\/div>\n\t\t\t\t\t<\/div>\n\t\t<\/section>\n\t\t\t\t<\/div>\n\t\t","protected":false},"excerpt":{"rendered":"<p>Agla\u00e9 Nos valeurs Bienveillance Exigence Epanouissement Agla\u00e9 la socialisation, la confiance en soi, l\u2019\u00e9veil. Agla\u00e9 les ateliers d\u2019\u00e9veil Objectifs : la socialisation, la confiance en soi, l\u2019\u00e9veil. Permettre \u00e0 l\u2019enfant de s\u2019int\u00e9grer en douceur dans un groupe. D\u00e9velopper et stimuler la cr\u00e9ativit\u00e9, en cr\u00e9ant les conditions favorables pour l\u2019exploration, l\u2019exp\u00e9rimentation et les interactions sociales . [&hellip;]<\/p>\n","protected":false},"author":1,"featured_media":0,"parent":0,"menu_order":0,"comment_status":"closed","ping_status":"closed","template":"page-full-width.php","meta":{"footnotes":""},"class_list":["post-3841","page","type-page","status-publish","hentry"],"_links":{"self":[{"href":"https:\/\/aglae92.fr\/index.php\/wp-json\/wp\/v2\/pages\/3841","targetHints":{"allow":["GET"]}}],"collection":[{"href":"https:\/\/aglae92.fr\/index.php\/wp-json\/wp\/v2\/pages"}],"about":[{"href":"https:\/\/aglae92.fr\/index.php\/wp-json\/wp\/v2\/types\/page"}],"author":[{"embeddable":true,"href":"https:\/\/aglae92.fr\/index.php\/wp-json\/wp\/v2\/users\/1"}],"replies":[{"embeddable":true,"href":"https:\/\/aglae92.fr\/index.php\/wp-json\/wp\/v2\/comments?post=3841"}],"version-history":[{"count":63,"href":"https:\/\/aglae92.fr\/index.php\/wp-json\/wp\/v2\/pages\/3841\/revisions"}],"predecessor-version":[{"id":9381,"href":"https:\/\/aglae92.fr\/index.php\/wp-json\/wp\/v2\/pages\/3841\/revisions\/9381"}],"wp:attachment":[{"href":"https:\/\/aglae92.fr\/index.php\/wp-json\/wp\/v2\/media?parent=3841"}],"curies":[{"name":"wp","href":"https:\/\/api.w.org\/{rel}","templated":true}]}}