{"id":9382,"date":"2026-03-13T11:43:32","date_gmt":"2026-03-13T10:43:32","guid":{"rendered":"https:\/\/aglae92.fr\/?page_id=9382"},"modified":"2026-03-13T12:45:32","modified_gmt":"2026-03-13T11:45:32","slug":"creche-familiale","status":"publish","type":"page","link":"https:\/\/aglae92.fr\/index.php\/creche-familiale\/","title":{"rendered":"Cr\u00e8che familiale\u00a0"},"content":{"rendered":"\t\t<div data-elementor-type=\"wp-page\" data-elementor-id=\"9382\" class=\"elementor elementor-9382\">\n\t\t\t\t\t\t<section class=\"elementor-section elementor-top-section elementor-element elementor-element-1503dd58 elementor-section-boxed elementor-section-height-default elementor-section-height-default qodef-elementor-content-no\" data-id=\"1503dd58\" data-element_type=\"section\" data-settings=\"{&quot;background_background&quot;:&quot;classic&quot;}\">\n\t\t\t\t\t\t<div class=\"elementor-container elementor-column-gap-default\">\n\t\t\t\t\t<div class=\"elementor-column elementor-col-100 elementor-top-column elementor-element elementor-element-2c0ea611\" data-id=\"2c0ea611\" data-element_type=\"column\">\n\t\t\t<div class=\"elementor-widget-wrap elementor-element-populated\">\n\t\t\t\t\t\t<div class=\"elementor-element elementor-element-1982fb5b elementor-widget elementor-widget-playroom_core_section_title\" data-id=\"1982fb5b\" data-element_type=\"widget\" data-widget_type=\"playroom_core_section_title.default\">\n\t\t\t\t<div class=\"elementor-widget-container\">\n\t\t\t\t\t<div class=\"qodef-shortcode qodef-m  qodef-section-title qodef-alignment--center \">\n        <span class=\"qodef-m-tagline\" style=\"margin-bottom: 12px\">Agla\u00e9<\/span>\r\n\t\t<h2 class=\"qodef-m-title\" >\n\t\t\t\t\tUn <span class=\"qodef-m-title--second-color\" style=\"color: #444444\">accueil<\/span> <span class=\"qodef-m-title--third-color\" style=\"color: #8dc8ae\">individuel<\/span> et collectif \t\t\t<\/h2>\n\t<\/div>\t\t\t\t<\/div>\n\t\t\t\t<\/div>\n\t\t\t\t<div class=\"elementor-element elementor-element-dbba292 elementor-widget elementor-widget-playroom_core_section_title\" data-id=\"dbba292\" data-element_type=\"widget\" data-widget_type=\"playroom_core_section_title.default\">\n\t\t\t\t<div class=\"elementor-widget-container\">\n\t\t\t\t\t<div class=\"qodef-shortcode qodef-m  qodef-section-title qodef-alignment--left \">\n    \t\t<\/div>\t\t\t\t<\/div>\n\t\t\t\t<\/div>\n\t\t\t\t\t<\/div>\n\t\t<\/div>\n\t\t\t\t\t<\/div>\n\t\t<\/section>\n\t\t\t\t<section class=\"elementor-section elementor-top-section elementor-element elementor-element-2682e6a qodef-elementor-content-grid qodef-extended-grid qodef-extended-grid--right qodef-mobile-full-width elementor-section-full_width elementor-section-height-default elementor-section-height-default\" data-id=\"2682e6a\" data-element_type=\"section\" data-settings=\"{&quot;background_background&quot;:&quot;classic&quot;}\">\n\t\t\t\t\t\t<div class=\"elementor-container elementor-column-gap-default\">\n\t\t\t\t\t<div class=\"elementor-column elementor-col-50 elementor-top-column elementor-element elementor-element-32b3823\" data-id=\"32b3823\" data-element_type=\"column\" data-settings=\"{&quot;background_background&quot;:&quot;classic&quot;}\">\n\t\t\t<div class=\"elementor-widget-wrap elementor-element-populated\">\n\t\t\t\t\t\t<div class=\"elementor-element elementor-element-304dbe6 elementor-widget elementor-widget-image\" data-id=\"304dbe6\" data-element_type=\"widget\" data-widget_type=\"image.default\">\n\t\t\t\t<div class=\"elementor-widget-container\">\n\t\t\t\t\t\t\t\t\t\t\t\t\t\t\t<img fetchpriority=\"high\" decoding=\"async\" width=\"1200\" height=\"1300\" src=\"https:\/\/aglae92.fr\/wp-content\/uploads\/2026\/03\/domicile-1200x1300.jpg\" class=\"attachment-playroom_image_size_huge-square size-playroom_image_size_huge-square wp-image-9385\" alt=\"\" \/>\t\t\t\t\t\t\t\t\t\t\t\t\t\t\t<\/div>\n\t\t\t\t<\/div>\n\t\t\t\t\t<\/div>\n\t\t<\/div>\n\t\t\t\t<div class=\"elementor-column elementor-col-50 elementor-top-column elementor-element elementor-element-86c7552\" data-id=\"86c7552\" data-element_type=\"column\" data-settings=\"{&quot;background_background&quot;:&quot;classic&quot;}\">\n\t\t\t<div class=\"elementor-widget-wrap elementor-element-populated\">\n\t\t\t\t\t\t<div class=\"elementor-element elementor-element-114116a elementor-widget elementor-widget-playroom_core_section_title\" data-id=\"114116a\" data-element_type=\"widget\" data-widget_type=\"playroom_core_section_title.default\">\n\t\t\t\t<div class=\"elementor-widget-container\">\n\t\t\t\t\t<div class=\"qodef-shortcode qodef-m  qodef-section-title qodef-alignment--left \">\n        <span class=\"qodef-m-tagline\" style=\"margin-bottom: 12px\">Accueil \u00e0 domicile<\/span>\r\n\t\t<h3 class=\"qodef-m-title\" >\n\t\t\t\t\tL\u2019enfant est accueilli au domicile de l\u2019assistante maternelle  avec 1 ou 2 autres enfants\t\t\t<\/h3>\n\t<\/div>\t\t\t\t<\/div>\n\t\t\t\t<\/div>\n\t\t\t\t<div class=\"elementor-element elementor-element-8369dfa elementor-widget elementor-widget-text-editor\" data-id=\"8369dfa\" data-element_type=\"widget\" data-widget_type=\"text-editor.default\">\n\t\t\t\t<div class=\"elementor-widget-container\">\n\t\t\t\t\t\t\t\t\t<ul><li>Un <strong>espace d\u00e9di\u00e9<\/strong> aux jeux leur est r\u00e9serv\u00e9.<\/li><li>L\u2019enfant dort seul ou avec un autre enfant.<\/li><li>Les <strong>sorties<\/strong> sont organis\u00e9es chaque jour (promenade ou parc).<\/li><li>L\u2019assistante maternelle est salari\u00e9e de l\u2019association.<\/li><\/ul>\t\t\t\t\t\t\t\t<\/div>\n\t\t\t\t<\/div>\n\t\t\t\t\t<\/div>\n\t\t<\/div>\n\t\t\t\t\t<\/div>\n\t\t<\/section>\n\t\t\t\t<section class=\"elementor-section elementor-top-section elementor-element elementor-element-68dd7ce qodef-elementor-content-grid qodef-extended-grid qodef-extended-grid--right qodef-mobile-full-width elementor-section-full_width elementor-section-height-default elementor-section-height-default\" data-id=\"68dd7ce\" data-element_type=\"section\" data-settings=\"{&quot;background_background&quot;:&quot;classic&quot;}\">\n\t\t\t\t\t\t<div class=\"elementor-container elementor-column-gap-default\">\n\t\t\t\t\t<div class=\"elementor-column elementor-col-50 elementor-top-column elementor-element elementor-element-d40abf5\" data-id=\"d40abf5\" data-element_type=\"column\" data-settings=\"{&quot;background_background&quot;:&quot;classic&quot;}\">\n\t\t\t<div class=\"elementor-widget-wrap elementor-element-populated\">\n\t\t\t\t\t\t<div class=\"elementor-element elementor-element-38c0790 elementor-widget elementor-widget-playroom_core_section_title\" data-id=\"38c0790\" data-element_type=\"widget\" data-widget_type=\"playroom_core_section_title.default\">\n\t\t\t\t<div class=\"elementor-widget-container\">\n\t\t\t\t\t<div class=\"qodef-shortcode qodef-m  qodef-section-title qodef-alignment--left \">\n        <span class=\"qodef-m-tagline\" style=\"margin-bottom: 12px\">Accueil collectif<\/span>\r\n\t\t<h3 class=\"qodef-m-title\" >\n\t\t\t\t\tVotre enfant b\u00e9n\u00e9ficie d\u2019un accueil collectif ponctuel au moins 2 fois par semaine\t\t\t<\/h3>\n\t<\/div>\t\t\t\t<\/div>\n\t\t\t\t<\/div>\n\t\t\t\t<div class=\"elementor-element elementor-element-b03ca6b elementor-widget elementor-widget-text-editor\" data-id=\"b03ca6b\" data-element_type=\"widget\" data-widget_type=\"text-editor.default\">\n\t\t\t\t<div class=\"elementor-widget-container\">\n\t\t\t\t\t\t\t\t\t<ul><li>La relation entre l&rsquo;assistante maternelle et vous reste centr\u00e9e sur l\u2019enfant (les questions relatives aux contrats, cong\u00e9s, paiements rel\u00e8vent de l\u2019association).<\/li><li>La cr\u00e8che fournit les couches et les repas sont pr\u00e9par\u00e9s par l\u2019assistante maternelle <\/li><\/ul>\t\t\t\t\t\t\t\t<\/div>\n\t\t\t\t<\/div>\n\t\t\t\t\t<\/div>\n\t\t<\/div>\n\t\t\t\t<div class=\"elementor-column elementor-col-50 elementor-top-column elementor-element elementor-element-5735c5b\" data-id=\"5735c5b\" data-element_type=\"column\">\n\t\t\t<div class=\"elementor-widget-wrap elementor-element-populated\">\n\t\t\t\t\t\t<div class=\"elementor-element elementor-element-aebf71e elementor-widget elementor-widget-image\" data-id=\"aebf71e\" data-element_type=\"widget\" data-widget_type=\"image.default\">\n\t\t\t\t<div class=\"elementor-widget-container\">\n\t\t\t\t\t\t\t\t\t\t\t\t\t\t\t<img decoding=\"async\" width=\"1300\" height=\"889\" src=\"https:\/\/aglae92.fr\/wp-content\/uploads\/2026\/03\/repas-collectif-1300x889.jpg\" class=\"attachment-playroom_image_size_huge-square size-playroom_image_size_huge-square wp-image-9389\" alt=\"\" \/>\t\t\t\t\t\t\t\t\t\t\t\t\t\t\t<\/div>\n\t\t\t\t<\/div>\n\t\t\t\t\t<\/div>\n\t\t<\/div>\n\t\t\t\t\t<\/div>\n\t\t<\/section>\n\t\t\t\t<\/div>\n\t\t","protected":false},"excerpt":{"rendered":"<p>Agla\u00e9 Un accueil individuel et collectif Accueil \u00e0 domicile L\u2019enfant est accueilli au domicile de l\u2019assistante maternelle avec 1 ou 2 autres enfants Un espace d\u00e9di\u00e9 aux jeux leur est r\u00e9serv\u00e9. L\u2019enfant dort seul ou avec un autre enfant. Les sorties sont organis\u00e9es chaque jour (promenade ou parc). L\u2019assistante maternelle est salari\u00e9e de l\u2019association. Accueil [&hellip;]<\/p>\n","protected":false},"author":1,"featured_media":0,"parent":0,"menu_order":0,"comment_status":"closed","ping_status":"closed","template":"page-full-width.php","meta":{"footnotes":""},"class_list":["post-9382","page","type-page","status-publish","hentry"],"_links":{"self":[{"href":"https:\/\/aglae92.fr\/index.php\/wp-json\/wp\/v2\/pages\/9382","targetHints":{"allow":["GET"]}}],"collection":[{"href":"https:\/\/aglae92.fr\/index.php\/wp-json\/wp\/v2\/pages"}],"about":[{"href":"https:\/\/aglae92.fr\/index.php\/wp-json\/wp\/v2\/types\/page"}],"author":[{"embeddable":true,"href":"https:\/\/aglae92.fr\/index.php\/wp-json\/wp\/v2\/users\/1"}],"replies":[{"embeddable":true,"href":"https:\/\/aglae92.fr\/index.php\/wp-json\/wp\/v2\/comments?post=9382"}],"version-history":[{"count":7,"href":"https:\/\/aglae92.fr\/index.php\/wp-json\/wp\/v2\/pages\/9382\/revisions"}],"predecessor-version":[{"id":9393,"href":"https:\/\/aglae92.fr\/index.php\/wp-json\/wp\/v2\/pages\/9382\/revisions\/9393"}],"wp:attachment":[{"href":"https:\/\/aglae92.fr\/index.php\/wp-json\/wp\/v2\/media?parent=9382"}],"curies":[{"name":"wp","href":"https:\/\/api.w.org\/{rel}","templated":true}]}}