{"id":9396,"date":"2026-03-13T12:52:01","date_gmt":"2026-03-13T11:52:01","guid":{"rendered":"https:\/\/aglae92.fr\/?page_id=9396"},"modified":"2026-03-13T15:10:38","modified_gmt":"2026-03-13T14:10:38","slug":"notre-fonctionnement","status":"publish","type":"page","link":"https:\/\/aglae92.fr\/index.php\/notre-fonctionnement\/","title":{"rendered":"Notre fonctionnement\u00a0"},"content":{"rendered":"\t\t<div data-elementor-type=\"wp-page\" data-elementor-id=\"9396\" class=\"elementor elementor-9396\">\n\t\t\t\t\t\t<section class=\"elementor-section elementor-top-section elementor-element elementor-element-1503dd58 elementor-section-boxed elementor-section-height-default elementor-section-height-default qodef-elementor-content-no\" data-id=\"1503dd58\" data-element_type=\"section\" data-settings=\"{&quot;background_background&quot;:&quot;classic&quot;}\">\n\t\t\t\t\t\t<div class=\"elementor-container elementor-column-gap-default\">\n\t\t\t\t\t<div class=\"elementor-column elementor-col-100 elementor-top-column elementor-element elementor-element-2c0ea611\" data-id=\"2c0ea611\" data-element_type=\"column\">\n\t\t\t<div class=\"elementor-widget-wrap elementor-element-populated\">\n\t\t\t\t\t\t<div class=\"elementor-element elementor-element-1982fb5b elementor-widget elementor-widget-playroom_core_section_title\" data-id=\"1982fb5b\" data-element_type=\"widget\" data-widget_type=\"playroom_core_section_title.default\">\n\t\t\t\t<div class=\"elementor-widget-container\">\n\t\t\t\t\t<div class=\"qodef-shortcode qodef-m  qodef-section-title qodef-alignment--center \">\n        <span class=\"qodef-m-tagline\" style=\"margin-bottom: 12px\">Agla\u00e9<\/span>\r\n\t\t<h2 class=\"qodef-m-title\" >\n\t\t\t\t\tUn <span class=\"qodef-m-title--second-color\" style=\"color: #444444\">accueil<\/span> <span class=\"qodef-m-title--third-color\" style=\"color: #8dc8ae\">pour<\/span> tous ! \t\t\t<\/h2>\n\t<\/div>\t\t\t\t<\/div>\n\t\t\t\t<\/div>\n\t\t\t\t<div class=\"elementor-element elementor-element-dbba292 elementor-widget elementor-widget-playroom_core_section_title\" data-id=\"dbba292\" data-element_type=\"widget\" data-widget_type=\"playroom_core_section_title.default\">\n\t\t\t\t<div class=\"elementor-widget-container\">\n\t\t\t\t\t<div class=\"qodef-shortcode qodef-m  qodef-section-title qodef-alignment--left \">\n    \t\t<\/div>\t\t\t\t<\/div>\n\t\t\t\t<\/div>\n\t\t\t\t\t<\/div>\n\t\t<\/div>\n\t\t\t\t\t<\/div>\n\t\t<\/section>\n\t\t<div class=\"elementor-element elementor-element-c52ab80 e-grid e-con-full e-con e-parent\" data-id=\"c52ab80\" data-element_type=\"container\">\n\t\t\t\t<div class=\"elementor-element elementor-element-04b7c6e elementor-widget elementor-widget-playroom_core_highlight\" data-id=\"04b7c6e\" data-element_type=\"widget\" data-widget_type=\"playroom_core_highlight.default\">\n\t\t\t\t<div class=\"elementor-widget-container\">\n\t\t\t\t\t<h2 class=\"qodef-shortcode qodef-m  qodef-highlight \" style=\"color: #2989A3\">\n\t\t\t20 places \t<\/h2>\t\t\t\t<\/div>\n\t\t\t\t<\/div>\n\t\t\t\t<div class=\"elementor-element elementor-element-6552213 elementor-widget elementor-widget-playroom_core_highlight\" data-id=\"6552213\" data-element_type=\"widget\" data-widget_type=\"playroom_core_highlight.default\">\n\t\t\t\t<div class=\"elementor-widget-container\">\n\t\t\t\t\t<h2 class=\"qodef-shortcode qodef-m  qodef-highlight \" style=\"color: #2989A3\">\n\t\t\tMod\u00e8le PSU\t<\/h2>\t\t\t\t<\/div>\n\t\t\t\t<\/div>\n\t\t\t\t<div class=\"elementor-element elementor-element-f60996e elementor-widget elementor-widget-playroom_core_highlight\" data-id=\"f60996e\" data-element_type=\"widget\" data-widget_type=\"playroom_core_highlight.default\">\n\t\t\t\t<div class=\"elementor-widget-container\">\n\t\t\t\t\t<h2 class=\"qodef-shortcode qodef-m  qodef-highlight \" style=\"color: #2989A3\">\n\t\t\tAccessible \u00e0 toutes les familles \t<\/h2>\t\t\t\t<\/div>\n\t\t\t\t<\/div>\n\t\t\t\t<\/div>\n\t\t\t\t<section class=\"elementor-section elementor-top-section elementor-element elementor-element-68dd7ce qodef-elementor-content-grid qodef-extended-grid qodef-extended-grid--right qodef-mobile-full-width elementor-section-full_width elementor-section-height-default elementor-section-height-default\" data-id=\"68dd7ce\" data-element_type=\"section\" data-settings=\"{&quot;background_background&quot;:&quot;classic&quot;}\">\n\t\t\t\t\t\t<div class=\"elementor-container elementor-column-gap-default\">\n\t\t\t\t\t<div class=\"elementor-column elementor-col-50 elementor-top-column elementor-element elementor-element-d40abf5\" data-id=\"d40abf5\" data-element_type=\"column\" data-settings=\"{&quot;background_background&quot;:&quot;classic&quot;}\">\n\t\t\t<div class=\"elementor-widget-wrap elementor-element-populated\">\n\t\t\t\t\t\t<div class=\"elementor-element elementor-element-38c0790 elementor-widget elementor-widget-playroom_core_section_title\" data-id=\"38c0790\" data-element_type=\"widget\" data-widget_type=\"playroom_core_section_title.default\">\n\t\t\t\t<div class=\"elementor-widget-container\">\n\t\t\t\t\t<div class=\"qodef-shortcode qodef-m  qodef-section-title qodef-alignment--left \">\n        <span class=\"qodef-m-tagline\" style=\"margin-bottom: 12px\">Horaires d&#039;ouverture <\/span>\r\n\t\t<h3 class=\"qodef-m-title\" >\n\t\t\t\t\tDu lundi au vendredi \t\t\t<\/h3>\n\t<\/div>\t\t\t\t<\/div>\n\t\t\t\t<\/div>\n\t\t\t\t<div class=\"elementor-element elementor-element-b03ca6b elementor-widget elementor-widget-text-editor\" data-id=\"b03ca6b\" data-element_type=\"widget\" data-widget_type=\"text-editor.default\">\n\t\t\t\t<div class=\"elementor-widget-container\">\n\t\t\t\t\t\t\t\t\t<ul><li>08:00 &#8211; 18:30<\/li><\/ul>\t\t\t\t\t\t\t\t<\/div>\n\t\t\t\t<\/div>\n\t\t\t\t\t<\/div>\n\t\t<\/div>\n\t\t\t\t<div class=\"elementor-column elementor-col-50 elementor-top-column elementor-element elementor-element-5735c5b\" data-id=\"5735c5b\" data-element_type=\"column\">\n\t\t\t<div class=\"elementor-widget-wrap elementor-element-populated\">\n\t\t\t\t\t\t<div class=\"elementor-element elementor-element-aebf71e elementor-widget elementor-widget-image\" data-id=\"aebf71e\" data-element_type=\"widget\" data-widget_type=\"image.default\">\n\t\t\t\t<div class=\"elementor-widget-container\">\n\t\t\t\t\t\t\t\t\t\t\t\t\t\t\t<img fetchpriority=\"high\" decoding=\"async\" width=\"684\" height=\"514\" src=\"https:\/\/aglae92.fr\/wp-content\/uploads\/2026\/03\/poussettes-aglae.jpg\" class=\"attachment-playroom_image_size_huge-square size-playroom_image_size_huge-square wp-image-9403\" alt=\"\" srcset=\"https:\/\/aglae92.fr\/wp-content\/uploads\/2026\/03\/poussettes-aglae.jpg 684w, https:\/\/aglae92.fr\/wp-content\/uploads\/2026\/03\/poussettes-aglae-300x225.jpg 300w\" sizes=\"(max-width: 684px) 100vw, 684px\" \/>\t\t\t\t\t\t\t\t\t\t\t\t\t\t\t<\/div>\n\t\t\t\t<\/div>\n\t\t\t\t\t<\/div>\n\t\t<\/div>\n\t\t\t\t\t<\/div>\n\t\t<\/section>\n\t\t\t\t<section class=\"elementor-section elementor-top-section elementor-element elementor-element-826a237 qodef-elementor-content-grid qodef-extended-grid qodef-extended-grid--right qodef-mobile-full-width elementor-section-full_width elementor-section-height-default elementor-section-height-default\" data-id=\"826a237\" data-element_type=\"section\" data-settings=\"{&quot;background_background&quot;:&quot;classic&quot;}\">\n\t\t\t\t\t\t<div class=\"elementor-container elementor-column-gap-default\">\n\t\t\t\t\t<div class=\"elementor-column elementor-col-50 elementor-top-column elementor-element elementor-element-00c1074\" data-id=\"00c1074\" data-element_type=\"column\">\n\t\t\t<div class=\"elementor-widget-wrap elementor-element-populated\">\n\t\t\t\t\t\t<div class=\"elementor-element elementor-element-5591058 elementor-widget elementor-widget-image\" data-id=\"5591058\" data-element_type=\"widget\" data-widget_type=\"image.default\">\n\t\t\t\t<div class=\"elementor-widget-container\">\n\t\t\t\t\t\t\t\t\t\t\t\t\t\t\t<img decoding=\"async\" width=\"432\" height=\"435\" src=\"https:\/\/aglae92.fr\/wp-content\/uploads\/2026\/03\/CAF.jpg\" class=\"attachment-playroom_image_size_huge-square size-playroom_image_size_huge-square wp-image-9404\" alt=\"\" srcset=\"https:\/\/aglae92.fr\/wp-content\/uploads\/2026\/03\/CAF.jpg 432w, https:\/\/aglae92.fr\/wp-content\/uploads\/2026\/03\/CAF-298x300.jpg 298w, https:\/\/aglae92.fr\/wp-content\/uploads\/2026\/03\/CAF-150x150.jpg 150w\" sizes=\"(max-width: 432px) 100vw, 432px\" \/>\t\t\t\t\t\t\t\t\t\t\t\t\t\t\t<\/div>\n\t\t\t\t<\/div>\n\t\t\t\t\t<\/div>\n\t\t<\/div>\n\t\t\t\t<div class=\"elementor-column elementor-col-50 elementor-top-column elementor-element elementor-element-902c520\" data-id=\"902c520\" data-element_type=\"column\" data-settings=\"{&quot;background_background&quot;:&quot;classic&quot;}\">\n\t\t\t<div class=\"elementor-widget-wrap elementor-element-populated\">\n\t\t\t\t\t\t<div class=\"elementor-element elementor-element-0a361e0 elementor-widget elementor-widget-playroom_core_section_title\" data-id=\"0a361e0\" data-element_type=\"widget\" data-widget_type=\"playroom_core_section_title.default\">\n\t\t\t\t<div class=\"elementor-widget-container\">\n\t\t\t\t\t<div class=\"qodef-shortcode qodef-m  qodef-section-title qodef-alignment--left \">\n        <span class=\"qodef-m-tagline\" style=\"margin-bottom: 12px\">Agla\u00e9<\/span>\r\n\t\t<h3 class=\"qodef-m-title\" style=\"color: #2989A3\">\n\t\t\t\t\tDans le respect des directives de la CAF et du d\u00e9partement \t\t\t<\/h3>\n\t<\/div>\t\t\t\t<\/div>\n\t\t\t\t<\/div>\n\t\t\t\t<div class=\"elementor-element elementor-element-a9a9307 elementor-widget elementor-widget-text-editor\" data-id=\"a9a9307\" data-element_type=\"widget\" data-widget_type=\"text-editor.default\">\n\t\t\t\t<div class=\"elementor-widget-container\">\n\t\t\t\t\t\t\t\t\t<ul><li>Un projet d\u2019\u00e9tablissement, un r\u00e8glement de fonctionnement <\/li><li>Un protocole d\u2019inscription, d\u2019admission <\/li><li>Un planning d\u2019ouverture et de fermeture <\/li><li>Un contrat d\u2019accueil (horaires, co\u00fbt) <\/li><li>Une participation financi\u00e8re, application du bar\u00e8me de la CAF (varie en fonction des ressources et du nombre d\u2019enfants dans la famille) <\/li><\/ul>\t\t\t\t\t\t\t\t<\/div>\n\t\t\t\t<\/div>\n\t\t\t\t\t<\/div>\n\t\t<\/div>\n\t\t\t\t\t<\/div>\n\t\t<\/section>\n\t\t\t\t<\/div>\n\t\t","protected":false},"excerpt":{"rendered":"<p>Agla\u00e9 Un accueil pour tous ! 20 places Mod\u00e8le PSU Accessible \u00e0 toutes les familles Horaires d&#039;ouverture Du lundi au vendredi 08:00 &#8211; 18:30 Agla\u00e9 Dans le respect des directives de la CAF et du d\u00e9partement Un projet d\u2019\u00e9tablissement, un r\u00e8glement de fonctionnement Un protocole d\u2019inscription, d\u2019admission Un planning d\u2019ouverture et de fermeture Un contrat [&hellip;]<\/p>\n","protected":false},"author":1,"featured_media":0,"parent":0,"menu_order":0,"comment_status":"closed","ping_status":"closed","template":"page-full-width.php","meta":{"footnotes":""},"class_list":["post-9396","page","type-page","status-publish","hentry"],"_links":{"self":[{"href":"https:\/\/aglae92.fr\/index.php\/wp-json\/wp\/v2\/pages\/9396","targetHints":{"allow":["GET"]}}],"collection":[{"href":"https:\/\/aglae92.fr\/index.php\/wp-json\/wp\/v2\/pages"}],"about":[{"href":"https:\/\/aglae92.fr\/index.php\/wp-json\/wp\/v2\/types\/page"}],"author":[{"embeddable":true,"href":"https:\/\/aglae92.fr\/index.php\/wp-json\/wp\/v2\/users\/1"}],"replies":[{"embeddable":true,"href":"https:\/\/aglae92.fr\/index.php\/wp-json\/wp\/v2\/comments?post=9396"}],"version-history":[{"count":7,"href":"https:\/\/aglae92.fr\/index.php\/wp-json\/wp\/v2\/pages\/9396\/revisions"}],"predecessor-version":[{"id":9407,"href":"https:\/\/aglae92.fr\/index.php\/wp-json\/wp\/v2\/pages\/9396\/revisions\/9407"}],"wp:attachment":[{"href":"https:\/\/aglae92.fr\/index.php\/wp-json\/wp\/v2\/media?parent=9396"}],"curies":[{"name":"wp","href":"https:\/\/api.w.org\/{rel}","templated":true}]}}