{"id":9417,"date":"2026-03-13T16:03:01","date_gmt":"2026-03-13T15:03:01","guid":{"rendered":"https:\/\/aglae92.fr\/?page_id=9417"},"modified":"2026-03-13T17:18:20","modified_gmt":"2026-03-13T16:18:20","slug":"inscription","status":"publish","type":"page","link":"https:\/\/aglae92.fr\/index.php\/inscription\/","title":{"rendered":"Inscription"},"content":{"rendered":"\t\t<div data-elementor-type=\"wp-page\" data-elementor-id=\"9417\" class=\"elementor elementor-9417\">\n\t\t\t\t\t\t<section class=\"elementor-section elementor-top-section elementor-element elementor-element-1503dd58 elementor-section-boxed elementor-section-height-default elementor-section-height-default qodef-elementor-content-no\" data-id=\"1503dd58\" data-element_type=\"section\" data-settings=\"{&quot;background_background&quot;:&quot;classic&quot;}\">\n\t\t\t\t\t\t<div class=\"elementor-container elementor-column-gap-default\">\n\t\t\t\t\t<div class=\"elementor-column elementor-col-100 elementor-top-column elementor-element elementor-element-2c0ea611\" data-id=\"2c0ea611\" data-element_type=\"column\">\n\t\t\t<div class=\"elementor-widget-wrap elementor-element-populated\">\n\t\t\t\t\t\t<div class=\"elementor-element elementor-element-1982fb5b elementor-widget elementor-widget-playroom_core_section_title\" data-id=\"1982fb5b\" data-element_type=\"widget\" data-widget_type=\"playroom_core_section_title.default\">\n\t\t\t\t<div class=\"elementor-widget-container\">\n\t\t\t\t\t<div class=\"qodef-shortcode qodef-m  qodef-section-title qodef-alignment--center \">\n        <span class=\"qodef-m-tagline\" style=\"margin-bottom: 12px\">Agla\u00e9<\/span>\r\n\t\t<h2 class=\"qodef-m-title\" style=\"color: #2989A3\">\n\t\t\t\t\tEtapes\t\t\t<\/h2>\n\t<\/div>\t\t\t\t<\/div>\n\t\t\t\t<\/div>\n\t\t\t\t<div class=\"elementor-element elementor-element-dbba292 elementor-widget elementor-widget-playroom_core_section_title\" data-id=\"dbba292\" data-element_type=\"widget\" data-widget_type=\"playroom_core_section_title.default\">\n\t\t\t\t<div class=\"elementor-widget-container\">\n\t\t\t\t\t<div class=\"qodef-shortcode qodef-m  qodef-section-title qodef-alignment--left \">\n    \t\t<\/div>\t\t\t\t<\/div>\n\t\t\t\t<\/div>\n\t\t\t\t\t<\/div>\n\t\t<\/div>\n\t\t\t\t\t<\/div>\n\t\t<\/section>\n\t\t<div class=\"elementor-element elementor-element-69b983f e-flex e-con-boxed e-con e-parent\" data-id=\"69b983f\" data-element_type=\"container\">\n\t\t\t\t\t<div class=\"e-con-inner\">\n\t\t\t\t<div class=\"elementor-element elementor-element-ed11a98 elementor-widget elementor-widget-playroom_core_icon_with_text\" data-id=\"ed11a98\" data-element_type=\"widget\" data-widget_type=\"playroom_core_icon_with_text.default\">\n\t\t\t\t<div class=\"elementor-widget-container\">\n\t\t\t\t\t<div class=\"qodef-shortcode qodef-m  qodef-icon-with-text qodef-layout--before-content qodef--icon-pack\">\n\t<div class=\"qodef-m-icon-wrapper\">\n\t\t<span class=\"qodef-shortcode qodef-m  qodef-icon-holder qodef-size--small qodef-layout--circle\"  >\t        <span class=\"qodef-icon-font-awesome fa fa-chalkboard qodef-icon qodef-e\" style=\"\" ><\/span>    <\/span>\t<\/div>\n\t<div class=\"qodef-m-content\">\n\t\t\t<h2 class=\"qodef-m-title\" >\n\t\t\t\t\t<span class=\"qodef-m-title-text\">1 - Simuler le cout en cr\u00e8che <\/span>\n\t\t\t<\/h2>\n\t\t\t<\/div>\n<\/div>\t\t\t\t<\/div>\n\t\t\t\t<\/div>\n\t\t\t\t<div class=\"elementor-element elementor-element-d37fc19 elementor-widget elementor-widget-playroom_core_button\" data-id=\"d37fc19\" data-element_type=\"widget\" data-widget_type=\"playroom_core_button.default\">\n\t\t\t\t<div class=\"elementor-widget-container\">\n\t\t\t\t\t<a class=\"qodef-shortcode qodef-m  qodef-button qodef-layout--filled  qodef-html--link\" href=\"https:\/\/monenfant.fr\/simuler-le-cout-en-creche\" target=\"_blank\"  >\n\t<span class=\"qodef-m-text\">monenfant.fr<\/span>\n<\/a>\t\t\t\t<\/div>\n\t\t\t\t<\/div>\n\t\t\t\t<div class=\"elementor-element elementor-element-ec4d792 elementor-widget elementor-widget-playroom_core_icon_with_text\" data-id=\"ec4d792\" data-element_type=\"widget\" data-widget_type=\"playroom_core_icon_with_text.default\">\n\t\t\t\t<div class=\"elementor-widget-container\">\n\t\t\t\t\t<div class=\"qodef-shortcode qodef-m  qodef-icon-with-text qodef-layout--before-content qodef--icon-pack\">\n\t<div class=\"qodef-m-icon-wrapper\">\n\t\t<span class=\"qodef-shortcode qodef-m  qodef-icon-holder qodef-size--small qodef-layout--circle\"  >\t        <span class=\"qodef-icon-font-awesome fa fa-people-arrows qodef-icon qodef-e\" style=\"\" ><\/span>    <\/span>\t<\/div>\n\t<div class=\"qodef-m-content\">\n\t\t\t<h2 class=\"qodef-m-title\" >\n\t\t\t\t\t<span class=\"qodef-m-title-text\">2 - Pr\u00e9-inscription <\/span>\n\t\t\t<\/h2>\n\t\t\t<\/div>\n<\/div>\t\t\t\t<\/div>\n\t\t\t\t<\/div>\n\t\t\t\t<div class=\"elementor-element elementor-element-9f93da9 elementor-widget elementor-widget-playroom_core_highlight\" data-id=\"9f93da9\" data-element_type=\"widget\" data-widget_type=\"playroom_core_highlight.default\">\n\t\t\t\t<div class=\"elementor-widget-container\">\n\t\t\t\t\t<p class=\"qodef-shortcode qodef-m  qodef-highlight \" >\n\t\t\tLors de r\u00e9union d\u2019information\t<\/p>\t\t\t\t<\/div>\n\t\t\t\t<\/div>\n\t\t\t\t<div class=\"elementor-element elementor-element-38babd6 elementor-widget elementor-widget-playroom_core_icon_with_text\" data-id=\"38babd6\" data-element_type=\"widget\" data-widget_type=\"playroom_core_icon_with_text.default\">\n\t\t\t\t<div class=\"elementor-widget-container\">\n\t\t\t\t\t<div class=\"qodef-shortcode qodef-m  qodef-icon-with-text qodef-layout--before-content qodef--icon-pack\">\n\t<div class=\"qodef-m-icon-wrapper\">\n\t\t<span class=\"qodef-shortcode qodef-m  qodef-icon-holder qodef-size--small qodef-layout--circle\"  >\t        <span class=\"qodef-icon-font-awesome fa fa-baby qodef-icon qodef-e\" style=\"\" ><\/span>    <\/span>\t<\/div>\n\t<div class=\"qodef-m-content\">\n\t\t\t<h2 class=\"qodef-m-title\" >\n\t\t\t\t\t<span class=\"qodef-m-title-text\">3 - Confirmation de l\u2019inscription <\/span>\n\t\t\t<\/h2>\n\t\t\t<p class=\"qodef-m-text\" >\n<\/p>\n\t<\/div>\n<\/div>\t\t\t\t<\/div>\n\t\t\t\t<\/div>\n\t\t\t\t<div class=\"elementor-element elementor-element-1e15138 elementor-widget elementor-widget-playroom_core_highlight\" data-id=\"1e15138\" data-element_type=\"widget\" data-widget_type=\"playroom_core_highlight.default\">\n\t\t\t\t<div class=\"elementor-widget-container\">\n\t\t\t\t\t<p class=\"qodef-shortcode qodef-m  qodef-highlight \" >\n\t\t\tA la naissance du b\u00e9b\u00e9 \t<\/p>\t\t\t\t<\/div>\n\t\t\t\t<\/div>\n\t\t\t\t<div class=\"elementor-element elementor-element-b76fda7 elementor-widget elementor-widget-playroom_core_icon_with_text\" data-id=\"b76fda7\" data-element_type=\"widget\" data-widget_type=\"playroom_core_icon_with_text.default\">\n\t\t\t\t<div class=\"elementor-widget-container\">\n\t\t\t\t\t<div class=\"qodef-shortcode qodef-m  qodef-icon-with-text qodef-layout--before-content qodef--icon-pack\">\n\t<div class=\"qodef-m-icon-wrapper\">\n\t\t<span class=\"qodef-shortcode qodef-m  qodef-icon-holder qodef-size--small qodef-layout--circle\"  >\t        <span class=\"qodef-icon-font-awesome fa fa-baby-carriage qodef-icon qodef-e\" style=\"\" ><\/span>    <\/span>\t<\/div>\n\t<div class=\"qodef-m-content\">\n\t\t\t<h2 class=\"qodef-m-title\" >\n\t\t\t\t\t<span class=\"qodef-m-title-text\">4 - Attribution des places <\/span>\n\t\t\t<\/h2>\n\t\t\t<\/div>\n<\/div>\t\t\t\t<\/div>\n\t\t\t\t<\/div>\n\t\t\t\t<div class=\"elementor-element elementor-element-12e97ad elementor-widget elementor-widget-playroom_core_highlight\" data-id=\"12e97ad\" data-element_type=\"widget\" data-widget_type=\"playroom_core_highlight.default\">\n\t\t\t\t<div class=\"elementor-widget-container\">\n\t\t\t\t\t<p class=\"qodef-shortcode qodef-m  qodef-highlight \" >\n\t\t\tConfirmation t\u00e9l\u00e9phonique de notre part. Rendez-vous \u00e0 la cr\u00e8che pour pr\u00e9senter le r\u00e8glement de fonctionnement et pr\u00e9sentation de l\u2019assistante maternelle. R\u00e9ponse des familles dans les trois jours : signature du contrat et organisation de la familiarisation. \n\t<\/p>\t\t\t\t<\/div>\n\t\t\t\t<\/div>\n\t\t\t\t<div class=\"elementor-element elementor-element-ee7191f elementor-widget elementor-widget-playroom_core_button\" data-id=\"ee7191f\" data-element_type=\"widget\" data-widget_type=\"playroom_core_button.default\">\n\t\t\t\t<div class=\"elementor-widget-container\">\n\t\t\t\t\t<a class=\"qodef-shortcode qodef-m  qodef-button qodef-layout--filled  qodef-html--link\" href=\"https:\/\/aglae92.fr\/index.php\/contact-us\/\" target=\"_self\"  >\n\t<span class=\"qodef-m-text\">Contactez-nous<\/span>\n<\/a>\t\t\t\t<\/div>\n\t\t\t\t<\/div>\n\t\t\t\t\t<\/div>\n\t\t\t\t<\/div>\n\t\t\t\t<\/div>\n\t\t","protected":false},"excerpt":{"rendered":"<p>Agla\u00e9 Etapes 1 &#8211; Simuler le cout en cr\u00e8che monenfant.fr 2 &#8211; Pr\u00e9-inscription Lors de r\u00e9union d\u2019information 3 &#8211; Confirmation de l\u2019inscription A la naissance du b\u00e9b\u00e9 4 &#8211; Attribution des places Confirmation t\u00e9l\u00e9phonique de notre part. Rendez-vous \u00e0 la cr\u00e8che pour pr\u00e9senter le r\u00e8glement de fonctionnement et pr\u00e9sentation de l\u2019assistante maternelle. R\u00e9ponse des familles [&hellip;]<\/p>\n","protected":false},"author":1,"featured_media":0,"parent":0,"menu_order":0,"comment_status":"closed","ping_status":"closed","template":"page-full-width.php","meta":{"footnotes":""},"class_list":["post-9417","page","type-page","status-publish","hentry"],"_links":{"self":[{"href":"https:\/\/aglae92.fr\/index.php\/wp-json\/wp\/v2\/pages\/9417","targetHints":{"allow":["GET"]}}],"collection":[{"href":"https:\/\/aglae92.fr\/index.php\/wp-json\/wp\/v2\/pages"}],"about":[{"href":"https:\/\/aglae92.fr\/index.php\/wp-json\/wp\/v2\/types\/page"}],"author":[{"embeddable":true,"href":"https:\/\/aglae92.fr\/index.php\/wp-json\/wp\/v2\/users\/1"}],"replies":[{"embeddable":true,"href":"https:\/\/aglae92.fr\/index.php\/wp-json\/wp\/v2\/comments?post=9417"}],"version-history":[{"count":13,"href":"https:\/\/aglae92.fr\/index.php\/wp-json\/wp\/v2\/pages\/9417\/revisions"}],"predecessor-version":[{"id":9439,"href":"https:\/\/aglae92.fr\/index.php\/wp-json\/wp\/v2\/pages\/9417\/revisions\/9439"}],"wp:attachment":[{"href":"https:\/\/aglae92.fr\/index.php\/wp-json\/wp\/v2\/media?parent=9417"}],"curies":[{"name":"wp","href":"https:\/\/api.w.org\/{rel}","templated":true}]}}